{"id":49109,"date":"2024-05-06T20:06:12","date_gmt":"2024-05-06T23:06:12","guid":{"rendered":"https:\/\/institutorenovare.com.br\/?page_id=49109"},"modified":"2025-11-14T12:34:09","modified_gmt":"2025-11-14T15:34:09","slug":"radiestesia","status":"publish","type":"page","link":"https:\/\/institutorenovare.com.br\/index.php\/radiestesia\/","title":{"rendered":"Curso de Radiestesia Cl\u00ednica"},"content":{"rendered":"\n<figure class=\"wp-block-embed is-type-video is-provider-youtube wp-block-embed-youtube wp-embed-aspect-16-9 wp-has-aspect-ratio\"><div class=\"wp-block-embed__wrapper\">\n<iframe loading=\"lazy\" title=\"Aula 01 - Apresenta\u00e7\u00e3o - Conte\u00fado Program\u00e1tico Curso de Radiestesia Cl\u00ednica\" width=\"500\" height=\"281\" src=\"https:\/\/www.youtube.com\/embed\/NSmrdWX0dW0?feature=oembed\" frameborder=\"0\" allow=\"accelerometer; autoplay; clipboard-write; encrypted-media; gyroscope; picture-in-picture; web-share\" referrerpolicy=\"strict-origin-when-cross-origin\" allowfullscreen><\/iframe>\n<\/div><\/figure>\n\n\n\n<h1 class=\"wp-block-heading\">Curso de Radiestesia Cl\u00ednica<\/h1>\n\n\n\n<p>Tudo no universo emite uma certa vibra\u00e7\u00e3o ou frequ\u00eancia.&nbsp;Cada objeto, ser vivo ou elemento tem sua pr\u00f3pria \u201cassinatura energ\u00e9tica\u201d.&nbsp;<\/p>\n\n\n\n<p>A partir dessa premissa b\u00e1sica, a professora Luciana Fortes Farias traz um curso completo de Radiestesia Cl\u00ednica, que vai desde os fundamentos, origem, primeiros usos, at\u00e9 abordagem dos aparelhos mais modernos, mesas radiest\u00e9sicas e radi\u00f4nicas e pr\u00e1tica cl\u00ednica.&nbsp;<br><\/p>\n\n\n\n<figure class=\"wp-block-image alignfull size-large\"><img decoding=\"async\" loading=\"lazy\" width=\"1382\" height=\"777\" src=\"https:\/\/institutorenovare.com.br\/wp-content\/uploads\/2024\/05\/01-.005-edited.png\" alt=\"\" class=\"wp-image-49119\" srcset=\"https:\/\/institutorenovare.com.br\/wp-content\/uploads\/2024\/05\/01-.005-edited.png 1382w, https:\/\/institutorenovare.com.br\/wp-content\/uploads\/2024\/05\/01-.005-edited-300x169.png 300w, https:\/\/institutorenovare.com.br\/wp-content\/uploads\/2024\/05\/01-.005-edited-1024x576.png 1024w, https:\/\/institutorenovare.com.br\/wp-content\/uploads\/2024\/05\/01-.005-edited-768x432.png 768w\" sizes=\"(max-width: 1382px) 100vw, 1382px\" \/><\/figure>\n\n\n\n<h2 class=\"wp-block-heading\">Para quem \u00e9 este curso?<\/h2>\n\n\n\n<p>O Curso de Radiestesia Cl\u00ednica \u00e9 destinado a todos os p\u00fablicos, mas especialmente a terapeutas e profissionais de sa\u00fade em geral, pois \u00e9 uma excelente ferramenta que agregar\u00e1 muito valor a seus atendimentos.<br><br><\/p>\n\n\n\n<h2 class=\"wp-block-heading\">Qual a Programa\u00e7\u00e3o do Curso?<\/h2>\n\n\n\n<p>1. Fundamentos da Radiestesia<\/p>\n\n\n\n<p>2. Alquimia e Radiestesia<\/p>\n\n\n\n<p>3. Principais Instrumentos Radiest\u00e9sicos<\/p>\n\n\n\n<p>4. Tipos de Energia &#8211; Energias em Desequil\u00edbrio<\/p>\n\n\n\n<p>5. Campos Eletromagn\u00e9ticos e Radioativos<\/p>\n\n\n\n<p>6. \u00c1reas de Aplica\u00e7\u00e3o da Radiestesia<\/p>\n\n\n\n<p>7. Radiestesia Aplicada a Sa\u00fade<\/p>\n\n\n\n<p>8. Radiestesia Cabal\u00edstica e S\u00edmbolos<\/p>\n\n\n\n<p>9. Pr\u00e1ticas\/ Oficinas:<\/p>\n\n\n\n<p>&#8211; Uso do P\u00eandulo<br>&#8211; Cria\u00e7\u00e3o de gr\u00e1ficos personalizados<br>&#8211; Uso da Mesa Radiest\u00e9sica<br>&#8211; Aparelhos de biorresson\u00e2ncia<br>&#8211; Atendimento Radiest\u00e9sico<\/p>\n\n\n\n<p>Material de aprofundamento\/ Biblioteca digital: livros, artigos, v\u00eddeos extras<\/p>\n\n\n\n<div class=\"wp-block-cover alignfull wp-duotone-rgb4448102-ffb23d-3\" style=\"margin-top:0;padding-top:4vw;padding-right:4vw;padding-bottom:4vw;padding-left:4vw;min-height:50vh\"><span aria-hidden=\"true\" class=\"wp-block-cover__background has-background-dim-90 has-background-dim\" style=\"background-color:#2c3066\"><\/span><img decoding=\"async\" class=\"wp-block-cover__image-background wp-image-334\" alt=\"\" src=\"https:\/\/pd.w.org\/2022\/01\/2661f82cd1ba9172.16386413.jpg\" data-object-fit=\"cover\"\/><div class=\"wp-block-cover__inner-container is-layout-flow wp-block-cover-is-layout-flow\">\n<div class=\"wp-block-group is-layout-flow wp-container-2 wp-block-group-is-layout-flow\">\n<h2 class=\"wp-block-heading has-text-align-center\">12x de <mark style=\"background-color:rgba(0, 0, 0, 0)\" class=\"has-inline-color has-border-color-third-color\">R$&nbsp;93,08<\/mark><br>(ou R$ 900,00 a vista)<br><br>QUE MAIS INFORMA\u00c7\u00d5ES?<br>ENTRE EM CONTATO AGORA!<\/h2>\n\n\n\n<div class=\"wp-block-buttons is-content-justification-center is-layout-flex wp-container-1 wp-block-buttons-is-layout-flex\">\n<div class=\"wp-block-button has-custom-font-size\" style=\"font-size:20px;font-style:normal;font-weight:700;letter-spacing:1px;text-transform:uppercase\"><a class=\"wp-block-button__link has-text-color has-background wp-element-button\" href=\"https:\/\/api.whatsapp.com\/send?phone=5511932118558&amp;text=Ol%C3%A1,%20Luciana!%20Me%20mande%20mais%20informa%C3%A7%C3%B5es%20sobre%20o%20Curso%20de%20Radiestesia.\" style=\"color:#2c3066;background-color:#ffb23d;padding-top:32px;padding-right:48px;padding-bottom:32px;padding-left:48px\" target=\"_blank\" rel=\"noreferrer noopener\">ENTRAR EM CONTATO COM A INSTRUTORA<\/a><\/div>\n<\/div>\n<\/div>\n<\/div><\/div>\n\n\n\n<div class=\"wp-block-group is-layout-constrained wp-block-group-is-layout-constrained\">\n<h2 class=\"wp-block-heading\"><br>Quem \u00e9 sua Instrutora?<\/h2>\n\n\n\n<h4 class=\"wp-block-heading\">Luciana Fortes Farias, PhD em Naturopatia Cl\u00ednica<\/h4>\n\n\n\n<div class=\"wp-block-columns is-layout-flex wp-container-7 wp-block-columns-is-layout-flex\">\n<div class=\"wp-block-column is-layout-flow wp-block-column-is-layout-flow\">\n<figure class=\"wp-block-image size-large is-resized\"><img decoding=\"async\" loading=\"lazy\" width=\"1024\" height=\"1024\" src=\"http:\/\/institutorenovare.com.br\/wp-content\/uploads\/2023\/11\/Lu-1024x1024.png\" alt=\"\" class=\"wp-image-49036\" style=\"aspect-ratio:1;width:375px;height:auto\" srcset=\"https:\/\/institutorenovare.com.br\/wp-content\/uploads\/2023\/11\/Lu-1024x1024.png 1024w, https:\/\/institutorenovare.com.br\/wp-content\/uploads\/2023\/11\/Lu-300x300.png 300w, https:\/\/institutorenovare.com.br\/wp-content\/uploads\/2023\/11\/Lu-150x150.png 150w, https:\/\/institutorenovare.com.br\/wp-content\/uploads\/2023\/11\/Lu-768x768.png 768w, https:\/\/institutorenovare.com.br\/wp-content\/uploads\/2023\/11\/Lu.png 1080w\" sizes=\"(max-width: 1024px) 100vw, 1024px\" \/><\/figure>\n<\/div>\n\n\n\n<div class=\"wp-block-column is-layout-flow wp-block-column-is-layout-flow\">\n<p>PhD em Naturopatia Cl\u00ednica, Mestre em Ci\u00eancia da Computa\u00e7\u00e3o, radiestesista, irid\u00f3loga, microscopista de campo claro e escuro, consteladora sist\u00eamica familiar, terapeuta neural, p\u00f3s-graduada em Adequa\u00e7\u00e3o Nutricional e Manuten\u00e7\u00e3o da Homeostase ministrada pelo Dr. Lair Ribeiro.<\/p>\n\n\n\n<p>Atua na \u00e1rea de terapias integrativas com \u00eanfase em tratamentos naturais, biorresson\u00e2ncia, biomagnetismo, alimenta\u00e7\u00e3o saud\u00e1vel e metamedicina.<br><\/p>\n<\/div>\n<\/div>\n<\/div>\n\n\n\n<div class=\"wp-block-group alignfull is-layout-constrained wp-block-group-is-layout-constrained\">\n<div class=\"wp-block-cover alignfull wp-duotone-unset-9\" style=\"min-height:245px\"><span aria-hidden=\"true\" class=\"wp-block-cover__background has-background-dim\"><\/span><img decoding=\"async\" loading=\"lazy\" width=\"2560\" height=\"1463\" class=\"wp-block-cover__image-background wp-image-49186\" alt=\"\" src=\"https:\/\/institutorenovare.com.br\/wp-content\/uploads\/2024\/05\/Freepik-Celulas-cellular-warfare-cancer-virus-battle-anatomy-generated-by-ai-scaled.jpg\" data-object-fit=\"cover\" srcset=\"https:\/\/institutorenovare.com.br\/wp-content\/uploads\/2024\/05\/Freepik-Celulas-cellular-warfare-cancer-virus-battle-anatomy-generated-by-ai-scaled.jpg 2560w, https:\/\/institutorenovare.com.br\/wp-content\/uploads\/2024\/05\/Freepik-Celulas-cellular-warfare-cancer-virus-battle-anatomy-generated-by-ai-300x171.jpg 300w, https:\/\/institutorenovare.com.br\/wp-content\/uploads\/2024\/05\/Freepik-Celulas-cellular-warfare-cancer-virus-battle-anatomy-generated-by-ai-1024x585.jpg 1024w, https:\/\/institutorenovare.com.br\/wp-content\/uploads\/2024\/05\/Freepik-Celulas-cellular-warfare-cancer-virus-battle-anatomy-generated-by-ai-768x439.jpg 768w, https:\/\/institutorenovare.com.br\/wp-content\/uploads\/2024\/05\/Freepik-Celulas-cellular-warfare-cancer-virus-battle-anatomy-generated-by-ai-1536x878.jpg 1536w, https:\/\/institutorenovare.com.br\/wp-content\/uploads\/2024\/05\/Freepik-Celulas-cellular-warfare-cancer-virus-battle-anatomy-generated-by-ai-2048x1170.jpg 2048w\" sizes=\"(max-width: 2560px) 100vw, 2560px\" \/><div class=\"wp-block-cover__inner-container is-layout-constrained wp-block-cover-is-layout-constrained\">\n<p class=\"has-text-align-center has-large-font-size\"><strong>Conhe\u00e7a Nossos Outros Cursos<\/strong><\/p>\n<\/div><\/div>\n\n\n\n<ul>\n<li><a href=\"https:\/\/institutorenovare.com.br\/index.php\/microscopia-3\/\" data-type=\"page\" data-id=\"49055\">Microscopia de Campo Claro e Escuro<\/a><\/li>\n\n\n\n<li><a href=\"https:\/\/institutorenovare.com.br\/index.php\/radiestesia\/\" data-type=\"page\" data-id=\"49109\">Radiestesia Cl\u00ednica<\/a><\/li>\n\n\n\n<li><a href=\"https:\/\/institutorenovare.com.br\/index.php\/iridologia\/\" data-type=\"page\" data-id=\"49126\">Iridologia Cl\u00ednica e Comportamental<\/a><\/li>\n\n\n\n<li><a href=\"https:\/\/institutorenovare.com.br\/index.php\/desparasitacao\/\" data-type=\"page\" data-id=\"49161\">Desparasita\u00e7\u00e3o e Destoxifica\u00e7\u00e3o Org\u00e2nica<\/a><\/li>\n<\/ul>\n\n\n\n<p><a href=\"https:\/\/institutorenovare.com.br\/\" data-type=\"page\" data-id=\"48994\"><strong>Voltar para a P\u00e1gina Principal do Instituto Renovare<\/strong><\/a><\/p>\n<\/div>\n","protected":false},"excerpt":{"rendered":"<p>Curso de Radiestesia Cl\u00ednica Tudo no universo emite uma certa vibra\u00e7\u00e3o ou frequ\u00eancia.&nbsp;Cada objeto, ser vivo ou elemento tem sua pr\u00f3pria \u201cassinatura energ\u00e9tica\u201d.&nbsp; A partir dessa premissa b\u00e1sica, a professora Luciana Fortes Farias traz um curso completo de Radiestesia Cl\u00ednica, que vai desde os fundamentos, origem, primeiros usos, at\u00e9 abordagem dos aparelhos mais modernos, mesas [&hellip;]<\/p>\n","protected":false},"author":1,"featured_media":49111,"parent":0,"menu_order":0,"comment_status":"closed","ping_status":"closed","template":"blank","meta":{"footnotes":""},"_links":{"self":[{"href":"https:\/\/institutorenovare.com.br\/index.php\/wp-json\/wp\/v2\/pages\/49109"}],"collection":[{"href":"https:\/\/institutorenovare.com.br\/index.php\/wp-json\/wp\/v2\/pages"}],"about":[{"href":"https:\/\/institutorenovare.com.br\/index.php\/wp-json\/wp\/v2\/types\/page"}],"author":[{"embeddable":true,"href":"https:\/\/institutorenovare.com.br\/index.php\/wp-json\/wp\/v2\/users\/1"}],"replies":[{"embeddable":true,"href":"https:\/\/institutorenovare.com.br\/index.php\/wp-json\/wp\/v2\/comments?post=49109"}],"version-history":[{"count":10,"href":"https:\/\/institutorenovare.com.br\/index.php\/wp-json\/wp\/v2\/pages\/49109\/revisions"}],"predecessor-version":[{"id":49253,"href":"https:\/\/institutorenovare.com.br\/index.php\/wp-json\/wp\/v2\/pages\/49109\/revisions\/49253"}],"wp:featuredmedia":[{"embeddable":true,"href":"https:\/\/institutorenovare.com.br\/index.php\/wp-json\/wp\/v2\/media\/49111"}],"wp:attachment":[{"href":"https:\/\/institutorenovare.com.br\/index.php\/wp-json\/wp\/v2\/media?parent=49109"}],"curies":[{"name":"wp","href":"https:\/\/api.w.org\/{rel}","templated":true}]}}