{"id":48994,"date":"2023-11-05T21:39:26","date_gmt":"2023-11-06T00:39:26","guid":{"rendered":"https:\/\/institutorenovare.com.br\/?page_id=48994"},"modified":"2023-11-05T21:49:07","modified_gmt":"2023-11-06T00:49:07","slug":"portal","status":"publish","type":"page","link":"https:\/\/institutorenovare.com.br\/","title":{"rendered":"Portal de Educa\u00e7\u00e3o em Sa\u00fade Natural Renovare"},"content":{"rendered":"\n<div class=\"wp-block-cover alignfull wp-block-section header-media\"><span aria-hidden=\"true\" class=\"wp-block-cover__background has-background-dim-0 has-background-dim\"><\/span><img decoding=\"async\" loading=\"lazy\" width=\"6912\" height=\"3456\" class=\"wp-block-cover__image-background wp-image-49015\" alt=\"\" src=\"https:\/\/institutorenovare.com.br\/wp-content\/uploads\/2023\/11\/2.png\" data-object-fit=\"cover\" srcset=\"https:\/\/institutorenovare.com.br\/wp-content\/uploads\/2023\/11\/2.png 6912w, https:\/\/institutorenovare.com.br\/wp-content\/uploads\/2023\/11\/2-300x150.png 300w, https:\/\/institutorenovare.com.br\/wp-content\/uploads\/2023\/11\/2-1024x512.png 1024w, https:\/\/institutorenovare.com.br\/wp-content\/uploads\/2023\/11\/2-768x384.png 768w, https:\/\/institutorenovare.com.br\/wp-content\/uploads\/2023\/11\/2-1536x768.png 1536w, https:\/\/institutorenovare.com.br\/wp-content\/uploads\/2023\/11\/2-2048x1024.png 2048w\" sizes=\"(max-width: 6912px) 100vw, 6912px\" \/><div class=\"wp-block-cover__inner-container is-layout-flow wp-block-cover-is-layout-flow\">\n<div class=\"wp-block-group is-layout-constrained wp-block-group-is-layout-constrained\">\n<div class=\"wp-block-group alignwide is-content-justification-left is-nowrap is-layout-flex wp-container-4 wp-block-group-is-layout-flex\">\n<div class=\"wp-block-group header-media-content-wrap is-style-default is-layout-flow wp-block-group-is-layout-flow\">\n<h2 class=\"wp-block-heading header-media-title has-huge-font-size\">Voc\u00ea est\u00e1 no Portal Renovare!<\/h2>\n\n\n\n<div class=\"wp-block-group header-media-content is-layout-flow wp-block-group-is-layout-flow\">\n<p>Nossa miss\u00e3o \u00e9 faz\u00ea-lo alcan\u00e7ar o melhor de sua sa\u00fade de forma natural.<\/p>\n<\/div>\n\n\n\n<div class=\"wp-block-buttons is-layout-flex wp-block-buttons-is-layout-flex\"><\/div>\n<\/div>\n<\/div>\n<\/div>\n<\/div><\/div>\n\n\n\n<div class=\"wp-block-group alignfull wp-block-section is-layout-constrained wp-block-group-is-layout-constrained\">\n<div class=\"wp-block-columns alignwide are-vertically-aligned-center about-us-columns is-layout-flex wp-container-15 wp-block-columns-is-layout-flex\">\n<div class=\"wp-block-column is-vertically-aligned-center is-layout-flow wp-block-column-is-layout-flow\">\n<div class=\"wp-block-media-text alignwide is-stacked-on-mobile\" style=\"grid-template-columns:43% auto\"><figure class=\"wp-block-media-text__media\"><img decoding=\"async\" loading=\"lazy\" width=\"1024\" height=\"1024\" src=\"https:\/\/institutorenovare.com.br\/wp-content\/uploads\/2023\/11\/Dna-1024x1024.png\" alt=\"\" class=\"wp-image-49009 size-full\" srcset=\"https:\/\/institutorenovare.com.br\/wp-content\/uploads\/2023\/11\/Dna-1024x1024.png 1024w, https:\/\/institutorenovare.com.br\/wp-content\/uploads\/2023\/11\/Dna-300x300.png 300w, https:\/\/institutorenovare.com.br\/wp-content\/uploads\/2023\/11\/Dna-150x150.png 150w, https:\/\/institutorenovare.com.br\/wp-content\/uploads\/2023\/11\/Dna-768x768.png 768w, https:\/\/institutorenovare.com.br\/wp-content\/uploads\/2023\/11\/Dna.png 1080w\" sizes=\"(max-width: 1024px) 100vw, 1024px\" \/><\/figure><div class=\"wp-block-media-text__content\">\n<div class=\"wp-block-group section-heading is-layout-flow wp-block-group-is-layout-flow\">\n<h2 class=\"wp-block-heading\" style=\"font-style:normal;font-weight:700;line-height:1.43\">A sa\u00edda para sua sa\u00fade est\u00e1 em suas atitudes e decis\u00f5es, \u00e9 um compromisso com voc\u00ea mesmo!<\/h2>\n<\/div>\n\n\n\n<div class=\"wp-block-group section-content is-layout-flow wp-block-group-is-layout-flow\">\n<p>Em nosso portal reunimos cursos, palestras, links, t\u00e9cnicas e abordagens da Naturopatia e seus instrumentos como Iridologia, Microscopia de Campo Claro e Escuro, Teste Metab\u00f3lico, Desparasita\u00e7\u00e3o, dentre outros temas como Reeduca\u00e7\u00e3o Alimentar que pode transformar seu dia a dia e sua vida completamente.<\/p>\n<\/div>\n\n\n\n<div class=\"wp-block-columns about-stat is-layout-flex wp-container-12 wp-block-columns-is-layout-flex\">\n<div class=\"wp-block-column is-layout-flow wp-block-column-is-layout-flow\">\n<p class=\"about-stat-heading has-foreground-color has-text-color has-normal-font-size\" style=\"font-style:normal;font-weight:600\">Cursos de Terapias e Naturais Dispon\u00edveis<\/p>\n\n\n\n<p class=\"about-stat-count has-primary-color has-text-color\">5<\/p>\n<\/div>\n\n\n\n<div class=\"wp-block-column is-layout-flow wp-block-column-is-layout-flow\">\n<p class=\"about-stat-heading has-foreground-color has-text-color has-normal-font-size\" style=\"font-style:normal;font-weight:600\">Tecnologias para Suporte ao seu Consult\u00f3rio<\/p>\n\n\n\n<p class=\"about-stat-count has-primary-color has-text-color\">3<\/p>\n<\/div>\n\n\n\n<div class=\"wp-block-column is-layout-flow wp-block-column-is-layout-flow\">\n<p class=\"about-stat-heading has-foreground-color has-text-color has-normal-font-size\" style=\"font-style:normal;font-weight:600\">M\u00f3dulos de Sistemas Integrativos<\/p>\n\n\n\n<p class=\"about-stat-count has-primary-color has-text-color\">5<\/p>\n<\/div>\n<\/div>\n\n\n\n<div class=\"wp-block-buttons is-layout-flex wp-block-buttons-is-layout-flex\"><\/div>\n<\/div><\/div>\n<\/div>\n<\/div>\n\n\n\n<div class=\"wp-block-group alignfull no-margin-top post-header is-layout-constrained wp-block-group-is-layout-constrained\">\n<div class=\"wp-block-group alignfull is-layout-flow wp-block-group-is-layout-flow\" style=\"padding-top:0px;padding-right:0px;padding-bottom:0px;padding-left:0px\">\n<div class=\"wp-block-group alignfull wp-block-section featured-content-section style-one is-layout-constrained wp-block-group-is-layout-constrained\">\n<div class=\"wp-block-group alignwide section-heading is-layout-flow wp-block-group-is-layout-flow\">\n<h2 class=\"wp-block-heading has-text-align-center\" style=\"font-style:normal;font-weight:700;line-height:1.43\">Nossos Cursos<\/h2>\n<\/div>\n\n\n\n<div class=\"wp-block-columns alignwide featured-content-columns is-layout-flex wp-container-29 wp-block-columns-is-layout-flex\">\n<div class=\"wp-block-column is-layout-flow wp-block-column-is-layout-flow\">\n<div class=\"wp-block-group wp-block-photobrust-featured-content is-layout-flow wp-block-group-is-layout-flow\">\n<figure class=\"wp-block-image size-large\"><img decoding=\"async\" loading=\"lazy\" width=\"1024\" height=\"1024\" src=\"https:\/\/institutorenovare.com.br\/wp-content\/uploads\/2023\/11\/MCE-1024x1024.png\" alt=\"\" class=\"wp-image-49010\" srcset=\"https:\/\/institutorenovare.com.br\/wp-content\/uploads\/2023\/11\/MCE-1024x1024.png 1024w, https:\/\/institutorenovare.com.br\/wp-content\/uploads\/2023\/11\/MCE-300x300.png 300w, https:\/\/institutorenovare.com.br\/wp-content\/uploads\/2023\/11\/MCE-150x150.png 150w, https:\/\/institutorenovare.com.br\/wp-content\/uploads\/2023\/11\/MCE-768x768.png 768w, https:\/\/institutorenovare.com.br\/wp-content\/uploads\/2023\/11\/MCE.png 1080w\" sizes=\"(max-width: 1024px) 100vw, 1024px\" \/><\/figure>\n\n\n\n<div class=\"wp-block-group content-wrapper is-layout-flow wp-block-group-is-layout-flow\">\n<h2 class=\"wp-block-heading has-content-heading-font-size\" style=\"line-height:1.75\">Microscopia de Campo Claro e Escuro<\/h2>\n\n\n\n<p>Da Montagem do Microsc\u00f3pio \u00e0 Compreens\u00e3o da Import\u00e2ncia do Terreno Biol\u00f3gico, seus Sinais no Sangue Vivo e An\u00e1lise Nutricional<\/p>\n\n\n\n<div class=\"wp-block-buttons is-layout-flex wp-block-buttons-is-layout-flex\">\n<div class=\"wp-block-button is-style-outline\"><a class=\"wp-block-button__link wp-element-button\" href=\"https:\/\/institutorenovare.com.br\/index.php\/microscopia-2\/\">Saiba mais<\/a><\/div>\n<\/div>\n<\/div>\n<\/div>\n<\/div>\n\n\n\n<div class=\"wp-block-column is-layout-flow wp-block-column-is-layout-flow\">\n<div class=\"wp-block-group wp-block-photobrust-featured-content is-layout-flow wp-block-group-is-layout-flow\">\n<figure class=\"wp-block-image size-large size-full\"><img decoding=\"async\" loading=\"lazy\" width=\"1024\" height=\"1024\" src=\"https:\/\/institutorenovare.com.br\/wp-content\/uploads\/2023\/11\/Iris-1024x1024.png\" alt=\"\" class=\"wp-image-49011\" srcset=\"https:\/\/institutorenovare.com.br\/wp-content\/uploads\/2023\/11\/Iris-1024x1024.png 1024w, https:\/\/institutorenovare.com.br\/wp-content\/uploads\/2023\/11\/Iris-300x300.png 300w, https:\/\/institutorenovare.com.br\/wp-content\/uploads\/2023\/11\/Iris-150x150.png 150w, https:\/\/institutorenovare.com.br\/wp-content\/uploads\/2023\/11\/Iris-768x768.png 768w, https:\/\/institutorenovare.com.br\/wp-content\/uploads\/2023\/11\/Iris.png 1080w\" sizes=\"(max-width: 1024px) 100vw, 1024px\" \/><\/figure>\n\n\n\n<div class=\"wp-block-group content-wrapper is-layout-flow wp-block-group-is-layout-flow\">\n<h2 class=\"wp-block-heading has-content-heading-font-size\" style=\"line-height:1.75\">Iridologia<\/h2>\n\n\n\n<p>Curso de Iridologia Cl\u00ednica Avan\u00e7ada com abordagens das zonas, setores, sistemas, mapas iridol\u00f3gicos, constitui\u00e7\u00f5es, orla pupilar interna e significados, densidades etc. Iridologia Comportamental (RayID) e outros temas avan\u00e7ados. <\/p>\n\n\n\n<div class=\"wp-block-buttons is-layout-flex wp-block-buttons-is-layout-flex\"><\/div>\n<\/div>\n<\/div>\n<\/div>\n\n\n\n<div class=\"wp-block-column is-layout-flow wp-block-column-is-layout-flow\">\n<div class=\"wp-block-group wp-block-photobrust-featured-content is-layout-flow wp-block-group-is-layout-flow\">\n<figure class=\"wp-block-image size-large size-full\"><img decoding=\"async\" loading=\"lazy\" width=\"1024\" height=\"1024\" src=\"https:\/\/institutorenovare.com.br\/wp-content\/uploads\/2023\/11\/Parasita-1024x1024.png\" alt=\"\" class=\"wp-image-49012\" srcset=\"https:\/\/institutorenovare.com.br\/wp-content\/uploads\/2023\/11\/Parasita-1024x1024.png 1024w, https:\/\/institutorenovare.com.br\/wp-content\/uploads\/2023\/11\/Parasita-300x300.png 300w, https:\/\/institutorenovare.com.br\/wp-content\/uploads\/2023\/11\/Parasita-150x150.png 150w, https:\/\/institutorenovare.com.br\/wp-content\/uploads\/2023\/11\/Parasita-768x768.png 768w, https:\/\/institutorenovare.com.br\/wp-content\/uploads\/2023\/11\/Parasita.png 1080w\" sizes=\"(max-width: 1024px) 100vw, 1024px\" \/><\/figure>\n\n\n\n<div class=\"wp-block-group content-wrapper is-layout-flow wp-block-group-is-layout-flow\">\n<h2 class=\"wp-block-heading has-content-heading-font-size\" style=\"line-height:1.75\">Desparasita\u00e7\u00e3o<\/h2>\n\n\n\n<p>Baixe ebook agora de introdu\u00e7\u00e3o a desparasita\u00e7\u00e3o para conhecer o impacto dos pat\u00f3genos na sua sa\u00fade. Veja op\u00e7\u00f5es de kits para desparasitar.<\/p>\n\n\n\n<div class=\"wp-block-buttons is-layout-flex wp-block-buttons-is-layout-flex\">\n<div class=\"wp-block-button is-style-outline\"><a class=\"wp-block-button__link wp-element-button\" href=\"http:\/\/desparasite.com.br\" target=\"_blank\" rel=\"noreferrer noopener\">Acessar agora<\/a><\/div>\n<\/div>\n<\/div>\n<\/div>\n<\/div>\n<\/div>\n<\/div>\n<\/div>\n<\/div>\n<\/div>\n\n\n\n<div class=\"wp-block-group alignfull no-margin-top post-header is-layout-constrained wp-block-group-is-layout-constrained\">\n<div class=\"wp-block-group alignfull is-layout-flow wp-block-group-is-layout-flow\" style=\"padding-top:0px;padding-right:0px;padding-bottom:0px;padding-left:0px\">\n<div class=\"wp-block-cover is-light\" style=\"min-height:241px\"><span aria-hidden=\"true\" class=\"wp-block-cover__background has-background-dim-100 has-background-dim has-background-gradient has-horizontal-color-gradient-first-to-gradient-second-gradient-background\"><\/span><div class=\"wp-block-cover__inner-container is-layout-flow wp-block-cover-is-layout-flow\">\n<div class=\"wp-block-group is-layout-constrained wp-block-group-is-layout-constrained\">\n<div class=\"wp-block-group alignwide is-layout-flow wp-block-group-is-layout-flow\"><h1 class=\"has-text-align-center wp-block-post-title\">Portal de Educa\u00e7\u00e3o em Sa\u00fade Natural Renovare<\/h1><\/div>\n<\/div>\n<\/div><\/div>\n<\/div>\n<\/div>\n","protected":false},"excerpt":{"rendered":"<p>A sa\u00edda para sua sa\u00fade est\u00e1 em suas atitudes e decis\u00f5es, \u00e9 um compromisso com voc\u00ea mesmo! Em nosso portal reunimos cursos, palestras, links, t\u00e9cnicas e abordagens da Naturopatia e seus instrumentos como Iridologia, Microscopia de Campo Claro e Escuro, Teste Metab\u00f3lico, Desparasita\u00e7\u00e3o, dentre outros temas como Reeduca\u00e7\u00e3o Alimentar que pode transformar seu dia a [&hellip;]<\/p>\n","protected":false},"author":1,"featured_media":0,"parent":0,"menu_order":1,"comment_status":"closed","ping_status":"closed","template":"blank","meta":{"footnotes":""},"_links":{"self":[{"href":"https:\/\/institutorenovare.com.br\/index.php\/wp-json\/wp\/v2\/pages\/48994"}],"collection":[{"href":"https:\/\/institutorenovare.com.br\/index.php\/wp-json\/wp\/v2\/pages"}],"about":[{"href":"https:\/\/institutorenovare.com.br\/index.php\/wp-json\/wp\/v2\/types\/page"}],"author":[{"embeddable":true,"href":"https:\/\/institutorenovare.com.br\/index.php\/wp-json\/wp\/v2\/users\/1"}],"replies":[{"embeddable":true,"href":"https:\/\/institutorenovare.com.br\/index.php\/wp-json\/wp\/v2\/comments?post=48994"}],"version-history":[{"count":18,"href":"https:\/\/institutorenovare.com.br\/index.php\/wp-json\/wp\/v2\/pages\/48994\/revisions"}],"predecessor-version":[{"id":49025,"href":"https:\/\/institutorenovare.com.br\/index.php\/wp-json\/wp\/v2\/pages\/48994\/revisions\/49025"}],"wp:attachment":[{"href":"https:\/\/institutorenovare.com.br\/index.php\/wp-json\/wp\/v2\/media?parent=48994"}],"curies":[{"name":"wp","href":"https:\/\/api.w.org\/{rel}","templated":true}]}}