{"id":2,"date":"2023-04-02T15:23:50","date_gmt":"2023-04-02T18:23:50","guid":{"rendered":"http:\/\/institutorenovare.com.br\/?page_id=2"},"modified":"2023-07-12T13:23:46","modified_gmt":"2023-07-12T16:23:46","slug":"pagina-exemplo","status":"publish","type":"page","link":"https:\/\/institutorenovare.com.br\/index.php\/pagina-exemplo\/","title":{"rendered":"O Instituto Renovare"},"content":{"rendered":"\n<p>O Instituto Renovare \u00e9 uma institui\u00e7\u00e3o que tem por miss\u00e3o atuar de forma humana, especializada e respons\u00e1vel em tratamentos avan\u00e7ados de sa\u00fade integrativa e funcional, dedicando seu talento e tecnologia para ofertar alternativas superiores que contribuem para uma sociedade global mais saud\u00e1vel. <\/p>\n\n\n\n<p>Nosso foco \u00e9 na nutri\u00e7\u00e3o como caminho mais seguro para manuten\u00e7\u00e3o da homeostase.<\/p>\n\n\n\n<p>Acreditamos que o equil\u00edbrio entre uma alimenta\u00e7\u00e3o de qualidade, pr\u00e1ticas regulares de exerc\u00edcios f\u00edsicos, sono adequado s\u00e3o algumas das pr\u00e1ticas para uma vida rica e saud\u00e1vel.<\/p>\n\n\n\n<p>Associamos a essa nutri\u00e7\u00e3o, a evolu\u00e7\u00e3o do ser, no sentido da compreens\u00e3o de sua energia, do funcionamento do corpo em perfeita harmonia com pensamentos e emo\u00e7\u00f5es sadias.<\/p>\n\n\n\n<p>Trabalhamos com tratamentos 100% naturais e preconizamos a reconex\u00e3o com a natureza, ar puro, \u00e1gua de qualidade superior e estamos trabalhando para oferecer isso a p\u00fablicos carentes dessa abordagem, como os portadores de ELA (Esclerose Lateral Amiotr\u00f3fica), dentre outros que desejam desintoxicar e nutrir seu organismo de forma natural e duradoura.<\/p>\n\n\n\n<blockquote class=\"wp-block-quote\">\n<p>Sem renova\u00e7\u00e3o n\u00e3o h\u00e1 transforma\u00e7\u00e3o. Sem transforma\u00e7\u00e3o n\u00e3o h\u00e1 evolu\u00e7\u00e3o. Sem evolu\u00e7\u00e3o n\u00e3o haver\u00e1 nada.<\/p>\n<cite>Adriano Hungaro<\/cite><\/blockquote>\n\n\n\n<p>Estamos nos instalando no cora\u00e7\u00e3o do Vale do Ribeira, em S\u00e3o Paulo, na \u00e1rea rural do munic\u00edpio de Sete Barras. J\u00e1 estamos cultivando \u00e1rvores frut\u00edferas, ervas arom\u00e1ticas e medicinais, em uma \u00e1rea de mais de 34 mil metros, com nascente dentro do terreno e um visual de encher os olhos e o cora\u00e7\u00e3o.<\/p>\n\n\n\n<div class=\"wp-block-cover\" style=\"padding-top:0;padding-right:0;padding-bottom:0;padding-left:0;min-height:325px\"><span aria-hidden=\"true\" class=\"wp-block-cover__background has-background-dim\"><\/span><img decoding=\"async\" loading=\"lazy\" width=\"1280\" height=\"336\" class=\"wp-block-cover__image-background wp-image-124\" alt=\"\" src=\"https:\/\/institutorenovare.com.br\/wp-content\/uploads\/2023\/06\/01-Frente-Grande.jpeg\" data-object-fit=\"cover\" srcset=\"https:\/\/institutorenovare.com.br\/wp-content\/uploads\/2023\/06\/01-Frente-Grande.jpeg 1280w, https:\/\/institutorenovare.com.br\/wp-content\/uploads\/2023\/06\/01-Frente-Grande-300x79.jpeg 300w, https:\/\/institutorenovare.com.br\/wp-content\/uploads\/2023\/06\/01-Frente-Grande-1024x269.jpeg 1024w, https:\/\/institutorenovare.com.br\/wp-content\/uploads\/2023\/06\/01-Frente-Grande-768x202.jpeg 768w\" sizes=\"(max-width: 1280px) 100vw, 1280px\" \/><div class=\"wp-block-cover__inner-container is-layout-flow wp-block-cover-is-layout-flow\">\n<p class=\"has-text-align-center has-large-font-size\">Instituto Renovare em Sete Barras-SP<\/p>\n<\/div><\/div>\n\n\n\n<p>Confira um pouco desse para\u00edso:<\/p>\n\n\n\n<figure class=\"wp-block-gallery has-nested-images columns-2 is-cropped wp-block-gallery-2 is-layout-flex wp-block-gallery-is-layout-flex\">\n<figure class=\"wp-block-image size-full\"><img decoding=\"async\" loading=\"lazy\" width=\"1280\" height=\"960\" data-id=\"132\" src=\"https:\/\/institutorenovare.com.br\/wp-content\/uploads\/2023\/06\/Dia-Grande.jpeg\" alt=\"\" class=\"wp-image-132\" srcset=\"https:\/\/institutorenovare.com.br\/wp-content\/uploads\/2023\/06\/Dia-Grande.jpeg 1280w, https:\/\/institutorenovare.com.br\/wp-content\/uploads\/2023\/06\/Dia-Grande-300x225.jpeg 300w, https:\/\/institutorenovare.com.br\/wp-content\/uploads\/2023\/06\/Dia-Grande-1024x768.jpeg 1024w, https:\/\/institutorenovare.com.br\/wp-content\/uploads\/2023\/06\/Dia-Grande-768x576.jpeg 768w\" sizes=\"(max-width: 1280px) 100vw, 1280px\" \/><\/figure>\n\n\n\n<figure class=\"wp-block-image size-full\"><img decoding=\"async\" loading=\"lazy\" width=\"960\" height=\"1280\" data-id=\"135\" src=\"https:\/\/institutorenovare.com.br\/wp-content\/uploads\/2023\/06\/Flor2-Grande.jpeg\" alt=\"\" class=\"wp-image-135\" srcset=\"https:\/\/institutorenovare.com.br\/wp-content\/uploads\/2023\/06\/Flor2-Grande.jpeg 960w, https:\/\/institutorenovare.com.br\/wp-content\/uploads\/2023\/06\/Flor2-Grande-225x300.jpeg 225w, https:\/\/institutorenovare.com.br\/wp-content\/uploads\/2023\/06\/Flor2-Grande-768x1024.jpeg 768w\" sizes=\"(max-width: 960px) 100vw, 960px\" \/><\/figure>\n\n\n\n<figure class=\"wp-block-image size-full\"><img decoding=\"async\" loading=\"lazy\" width=\"1280\" height=\"467\" data-id=\"127\" src=\"https:\/\/institutorenovare.com.br\/wp-content\/uploads\/2023\/06\/03-Lago-Grande.jpeg\" alt=\"Lago e nascente de \u00e1gua pura e cristalina\" class=\"wp-image-127\" title=\"\" srcset=\"https:\/\/institutorenovare.com.br\/wp-content\/uploads\/2023\/06\/03-Lago-Grande.jpeg 1280w, https:\/\/institutorenovare.com.br\/wp-content\/uploads\/2023\/06\/03-Lago-Grande-300x109.jpeg 300w, https:\/\/institutorenovare.com.br\/wp-content\/uploads\/2023\/06\/03-Lago-Grande-1024x374.jpeg 1024w, https:\/\/institutorenovare.com.br\/wp-content\/uploads\/2023\/06\/03-Lago-Grande-768x280.jpeg 768w\" sizes=\"(max-width: 1280px) 100vw, 1280px\" \/><\/figure>\n\n\n\n<figure class=\"wp-block-image size-full\"><img decoding=\"async\" loading=\"lazy\" width=\"960\" height=\"1280\" data-id=\"128\" src=\"https:\/\/institutorenovare.com.br\/wp-content\/uploads\/2023\/06\/Amoras-Grande.jpeg\" alt=\"\" class=\"wp-image-128\" srcset=\"https:\/\/institutorenovare.com.br\/wp-content\/uploads\/2023\/06\/Amoras-Grande.jpeg 960w, https:\/\/institutorenovare.com.br\/wp-content\/uploads\/2023\/06\/Amoras-Grande-225x300.jpeg 225w, https:\/\/institutorenovare.com.br\/wp-content\/uploads\/2023\/06\/Amoras-Grande-768x1024.jpeg 768w\" sizes=\"(max-width: 960px) 100vw, 960px\" \/><\/figure>\n\n\n\n<figure class=\"wp-block-image size-full\"><img decoding=\"async\" loading=\"lazy\" width=\"960\" height=\"1280\" data-id=\"134\" src=\"https:\/\/institutorenovare.com.br\/wp-content\/uploads\/2023\/06\/Flor1-Grande.jpeg\" alt=\"\" class=\"wp-image-134\" srcset=\"https:\/\/institutorenovare.com.br\/wp-content\/uploads\/2023\/06\/Flor1-Grande.jpeg 960w, https:\/\/institutorenovare.com.br\/wp-content\/uploads\/2023\/06\/Flor1-Grande-225x300.jpeg 225w, https:\/\/institutorenovare.com.br\/wp-content\/uploads\/2023\/06\/Flor1-Grande-768x1024.jpeg 768w\" sizes=\"(max-width: 960px) 100vw, 960px\" \/><\/figure>\n\n\n\n<figure class=\"wp-block-image size-full\"><img decoding=\"async\" loading=\"lazy\" width=\"1280\" height=\"960\" data-id=\"133\" src=\"https:\/\/institutorenovare.com.br\/wp-content\/uploads\/2023\/06\/Dia-nublado-Grande.jpeg\" alt=\"\" class=\"wp-image-133\" srcset=\"https:\/\/institutorenovare.com.br\/wp-content\/uploads\/2023\/06\/Dia-nublado-Grande.jpeg 1280w, https:\/\/institutorenovare.com.br\/wp-content\/uploads\/2023\/06\/Dia-nublado-Grande-300x225.jpeg 300w, https:\/\/institutorenovare.com.br\/wp-content\/uploads\/2023\/06\/Dia-nublado-Grande-1024x768.jpeg 1024w, https:\/\/institutorenovare.com.br\/wp-content\/uploads\/2023\/06\/Dia-nublado-Grande-768x576.jpeg 768w\" sizes=\"(max-width: 1280px) 100vw, 1280px\" \/><\/figure>\n\n\n\n<figure class=\"wp-block-image size-full\"><img decoding=\"async\" loading=\"lazy\" width=\"960\" height=\"1280\" data-id=\"131\" src=\"https:\/\/institutorenovare.com.br\/wp-content\/uploads\/2023\/06\/Cogumelos-Grande.jpeg\" alt=\"\" class=\"wp-image-131\" srcset=\"https:\/\/institutorenovare.com.br\/wp-content\/uploads\/2023\/06\/Cogumelos-Grande.jpeg 960w, https:\/\/institutorenovare.com.br\/wp-content\/uploads\/2023\/06\/Cogumelos-Grande-225x300.jpeg 225w, https:\/\/institutorenovare.com.br\/wp-content\/uploads\/2023\/06\/Cogumelos-Grande-768x1024.jpeg 768w\" sizes=\"(max-width: 960px) 100vw, 960px\" \/><\/figure>\n\n\n\n<figure class=\"wp-block-image size-full\"><img decoding=\"async\" loading=\"lazy\" width=\"960\" height=\"1280\" data-id=\"129\" src=\"https:\/\/institutorenovare.com.br\/wp-content\/uploads\/2023\/06\/Casinha-Grande.jpeg\" alt=\"\" class=\"wp-image-129\" srcset=\"https:\/\/institutorenovare.com.br\/wp-content\/uploads\/2023\/06\/Casinha-Grande.jpeg 960w, https:\/\/institutorenovare.com.br\/wp-content\/uploads\/2023\/06\/Casinha-Grande-225x300.jpeg 225w, https:\/\/institutorenovare.com.br\/wp-content\/uploads\/2023\/06\/Casinha-Grande-768x1024.jpeg 768w\" sizes=\"(max-width: 960px) 100vw, 960px\" \/><\/figure>\n\n\n\n<figure class=\"wp-block-image size-full\"><img decoding=\"async\" loading=\"lazy\" width=\"1280\" height=\"960\" data-id=\"130\" src=\"https:\/\/institutorenovare.com.br\/wp-content\/uploads\/2023\/06\/Ceu-estrelado-Grande.jpeg\" alt=\"\" class=\"wp-image-130\" srcset=\"https:\/\/institutorenovare.com.br\/wp-content\/uploads\/2023\/06\/Ceu-estrelado-Grande.jpeg 1280w, https:\/\/institutorenovare.com.br\/wp-content\/uploads\/2023\/06\/Ceu-estrelado-Grande-300x225.jpeg 300w, https:\/\/institutorenovare.com.br\/wp-content\/uploads\/2023\/06\/Ceu-estrelado-Grande-1024x768.jpeg 1024w, https:\/\/institutorenovare.com.br\/wp-content\/uploads\/2023\/06\/Ceu-estrelado-Grande-768x576.jpeg 768w\" sizes=\"(max-width: 1280px) 100vw, 1280px\" \/><\/figure>\n\n\n\n<figure class=\"wp-block-image size-full\"><img decoding=\"async\" loading=\"lazy\" width=\"960\" height=\"1280\" data-id=\"137\" src=\"https:\/\/institutorenovare.com.br\/wp-content\/uploads\/2023\/06\/Flor4-Grande.jpeg\" alt=\"\" class=\"wp-image-137\" srcset=\"https:\/\/institutorenovare.com.br\/wp-content\/uploads\/2023\/06\/Flor4-Grande.jpeg 960w, https:\/\/institutorenovare.com.br\/wp-content\/uploads\/2023\/06\/Flor4-Grande-225x300.jpeg 225w, https:\/\/institutorenovare.com.br\/wp-content\/uploads\/2023\/06\/Flor4-Grande-768x1024.jpeg 768w\" sizes=\"(max-width: 960px) 100vw, 960px\" \/><\/figure>\n\n\n\n<figure class=\"wp-block-image size-full\"><img decoding=\"async\" loading=\"lazy\" width=\"1280\" height=\"960\" data-id=\"139\" src=\"https:\/\/institutorenovare.com.br\/wp-content\/uploads\/2023\/06\/Flores1-Grande.jpeg\" alt=\"\" class=\"wp-image-139\" srcset=\"https:\/\/institutorenovare.com.br\/wp-content\/uploads\/2023\/06\/Flores1-Grande.jpeg 1280w, https:\/\/institutorenovare.com.br\/wp-content\/uploads\/2023\/06\/Flores1-Grande-300x225.jpeg 300w, https:\/\/institutorenovare.com.br\/wp-content\/uploads\/2023\/06\/Flores1-Grande-1024x768.jpeg 1024w, https:\/\/institutorenovare.com.br\/wp-content\/uploads\/2023\/06\/Flores1-Grande-768x576.jpeg 768w\" sizes=\"(max-width: 1280px) 100vw, 1280px\" \/><\/figure>\n\n\n\n<figure class=\"wp-block-image size-full\"><img decoding=\"async\" loading=\"lazy\" width=\"1280\" height=\"960\" data-id=\"142\" src=\"https:\/\/institutorenovare.com.br\/wp-content\/uploads\/2023\/06\/Lua-no-ceu-Grande.jpeg\" alt=\"\" class=\"wp-image-142\" srcset=\"https:\/\/institutorenovare.com.br\/wp-content\/uploads\/2023\/06\/Lua-no-ceu-Grande.jpeg 1280w, https:\/\/institutorenovare.com.br\/wp-content\/uploads\/2023\/06\/Lua-no-ceu-Grande-300x225.jpeg 300w, https:\/\/institutorenovare.com.br\/wp-content\/uploads\/2023\/06\/Lua-no-ceu-Grande-1024x768.jpeg 1024w, https:\/\/institutorenovare.com.br\/wp-content\/uploads\/2023\/06\/Lua-no-ceu-Grande-768x576.jpeg 768w\" sizes=\"(max-width: 1280px) 100vw, 1280px\" \/><\/figure>\n\n\n\n<figure class=\"wp-block-image size-full\"><img decoding=\"async\" loading=\"lazy\" width=\"1280\" height=\"960\" data-id=\"145\" src=\"https:\/\/institutorenovare.com.br\/wp-content\/uploads\/2023\/06\/Primavera-Grande.jpeg\" alt=\"\" class=\"wp-image-145\" srcset=\"https:\/\/institutorenovare.com.br\/wp-content\/uploads\/2023\/06\/Primavera-Grande.jpeg 1280w, https:\/\/institutorenovare.com.br\/wp-content\/uploads\/2023\/06\/Primavera-Grande-300x225.jpeg 300w, https:\/\/institutorenovare.com.br\/wp-content\/uploads\/2023\/06\/Primavera-Grande-1024x768.jpeg 1024w, https:\/\/institutorenovare.com.br\/wp-content\/uploads\/2023\/06\/Primavera-Grande-768x576.jpeg 768w\" sizes=\"(max-width: 1280px) 100vw, 1280px\" \/><\/figure>\n\n\n\n<figure class=\"wp-block-image size-full\"><img decoding=\"async\" loading=\"lazy\" width=\"960\" height=\"1280\" data-id=\"146\" src=\"https:\/\/institutorenovare.com.br\/wp-content\/uploads\/2023\/06\/Rosa-Grande.jpeg\" alt=\"\" class=\"wp-image-146\" srcset=\"https:\/\/institutorenovare.com.br\/wp-content\/uploads\/2023\/06\/Rosa-Grande.jpeg 960w, https:\/\/institutorenovare.com.br\/wp-content\/uploads\/2023\/06\/Rosa-Grande-225x300.jpeg 225w, https:\/\/institutorenovare.com.br\/wp-content\/uploads\/2023\/06\/Rosa-Grande-768x1024.jpeg 768w\" sizes=\"(max-width: 960px) 100vw, 960px\" \/><\/figure>\n\n\n\n<figure class=\"wp-block-image size-full\"><img decoding=\"async\" loading=\"lazy\" width=\"960\" height=\"1280\" data-id=\"148\" src=\"https:\/\/institutorenovare.com.br\/wp-content\/uploads\/2023\/06\/IMG_6692-Grande.jpeg\" alt=\"\" class=\"wp-image-148\" srcset=\"https:\/\/institutorenovare.com.br\/wp-content\/uploads\/2023\/06\/IMG_6692-Grande.jpeg 960w, https:\/\/institutorenovare.com.br\/wp-content\/uploads\/2023\/06\/IMG_6692-Grande-225x300.jpeg 225w, https:\/\/institutorenovare.com.br\/wp-content\/uploads\/2023\/06\/IMG_6692-Grande-768x1024.jpeg 768w\" sizes=\"(max-width: 960px) 100vw, 960px\" \/><\/figure>\n\n\n\n<figure class=\"wp-block-image size-full\"><img decoding=\"async\" loading=\"lazy\" width=\"1280\" height=\"960\" data-id=\"158\" src=\"https:\/\/institutorenovare.com.br\/wp-content\/uploads\/2023\/06\/IMG_6699-Grande.jpeg\" alt=\"\" class=\"wp-image-158\" srcset=\"https:\/\/institutorenovare.com.br\/wp-content\/uploads\/2023\/06\/IMG_6699-Grande.jpeg 1280w, https:\/\/institutorenovare.com.br\/wp-content\/uploads\/2023\/06\/IMG_6699-Grande-300x225.jpeg 300w, https:\/\/institutorenovare.com.br\/wp-content\/uploads\/2023\/06\/IMG_6699-Grande-1024x768.jpeg 1024w, https:\/\/institutorenovare.com.br\/wp-content\/uploads\/2023\/06\/IMG_6699-Grande-768x576.jpeg 768w\" sizes=\"(max-width: 1280px) 100vw, 1280px\" \/><\/figure>\n\n\n\n<figure class=\"wp-block-image size-full\"><img decoding=\"async\" loading=\"lazy\" width=\"960\" height=\"1280\" data-id=\"154\" src=\"https:\/\/institutorenovare.com.br\/wp-content\/uploads\/2023\/06\/IMG_6701-Grande.jpeg\" alt=\"\" class=\"wp-image-154\" srcset=\"https:\/\/institutorenovare.com.br\/wp-content\/uploads\/2023\/06\/IMG_6701-Grande.jpeg 960w, https:\/\/institutorenovare.com.br\/wp-content\/uploads\/2023\/06\/IMG_6701-Grande-225x300.jpeg 225w, https:\/\/institutorenovare.com.br\/wp-content\/uploads\/2023\/06\/IMG_6701-Grande-768x1024.jpeg 768w\" sizes=\"(max-width: 960px) 100vw, 960px\" \/><\/figure>\n\n\n\n<figure class=\"wp-block-image size-full\"><img decoding=\"async\" loading=\"lazy\" width=\"960\" height=\"1280\" data-id=\"156\" src=\"https:\/\/institutorenovare.com.br\/wp-content\/uploads\/2023\/06\/IMG_7058-Grande.jpeg\" alt=\"\" class=\"wp-image-156\" srcset=\"https:\/\/institutorenovare.com.br\/wp-content\/uploads\/2023\/06\/IMG_7058-Grande.jpeg 960w, https:\/\/institutorenovare.com.br\/wp-content\/uploads\/2023\/06\/IMG_7058-Grande-225x300.jpeg 225w, https:\/\/institutorenovare.com.br\/wp-content\/uploads\/2023\/06\/IMG_7058-Grande-768x1024.jpeg 768w\" sizes=\"(max-width: 960px) 100vw, 960px\" \/><\/figure>\n\n\n\n<figure class=\"wp-block-image size-full\"><img decoding=\"async\" loading=\"lazy\" width=\"960\" height=\"1280\" data-id=\"157\" src=\"https:\/\/institutorenovare.com.br\/wp-content\/uploads\/2023\/06\/IMG_7075-Grande.jpeg\" alt=\"\" class=\"wp-image-157\" srcset=\"https:\/\/institutorenovare.com.br\/wp-content\/uploads\/2023\/06\/IMG_7075-Grande.jpeg 960w, https:\/\/institutorenovare.com.br\/wp-content\/uploads\/2023\/06\/IMG_7075-Grande-225x300.jpeg 225w, https:\/\/institutorenovare.com.br\/wp-content\/uploads\/2023\/06\/IMG_7075-Grande-768x1024.jpeg 768w\" sizes=\"(max-width: 960px) 100vw, 960px\" \/><\/figure>\n\n\n\n<figure class=\"wp-block-image size-full\"><img decoding=\"async\" loading=\"lazy\" width=\"1280\" height=\"607\" data-id=\"153\" src=\"https:\/\/institutorenovare.com.br\/wp-content\/uploads\/2023\/06\/IMG_7076-Grande.jpeg\" alt=\"\" class=\"wp-image-153\" srcset=\"https:\/\/institutorenovare.com.br\/wp-content\/uploads\/2023\/06\/IMG_7076-Grande.jpeg 1280w, https:\/\/institutorenovare.com.br\/wp-content\/uploads\/2023\/06\/IMG_7076-Grande-300x142.jpeg 300w, https:\/\/institutorenovare.com.br\/wp-content\/uploads\/2023\/06\/IMG_7076-Grande-1024x486.jpeg 1024w, https:\/\/institutorenovare.com.br\/wp-content\/uploads\/2023\/06\/IMG_7076-Grande-768x364.jpeg 768w\" sizes=\"(max-width: 1280px) 100vw, 1280px\" \/><\/figure>\n\n\n\n<figure class=\"wp-block-image size-full\"><img decoding=\"async\" loading=\"lazy\" width=\"960\" height=\"1280\" data-id=\"149\" src=\"https:\/\/institutorenovare.com.br\/wp-content\/uploads\/2023\/06\/IMG_7082-Grande.jpeg\" alt=\"\" class=\"wp-image-149\" srcset=\"https:\/\/institutorenovare.com.br\/wp-content\/uploads\/2023\/06\/IMG_7082-Grande.jpeg 960w, https:\/\/institutorenovare.com.br\/wp-content\/uploads\/2023\/06\/IMG_7082-Grande-225x300.jpeg 225w, https:\/\/institutorenovare.com.br\/wp-content\/uploads\/2023\/06\/IMG_7082-Grande-768x1024.jpeg 768w\" sizes=\"(max-width: 960px) 100vw, 960px\" \/><\/figure>\n\n\n\n<figure class=\"wp-block-image size-full\"><img decoding=\"async\" loading=\"lazy\" width=\"960\" height=\"1280\" data-id=\"152\" src=\"https:\/\/institutorenovare.com.br\/wp-content\/uploads\/2023\/06\/IMG_7083-Grande.jpeg\" alt=\"\" class=\"wp-image-152\" srcset=\"https:\/\/institutorenovare.com.br\/wp-content\/uploads\/2023\/06\/IMG_7083-Grande.jpeg 960w, https:\/\/institutorenovare.com.br\/wp-content\/uploads\/2023\/06\/IMG_7083-Grande-225x300.jpeg 225w, https:\/\/institutorenovare.com.br\/wp-content\/uploads\/2023\/06\/IMG_7083-Grande-768x1024.jpeg 768w\" sizes=\"(max-width: 960px) 100vw, 960px\" \/><\/figure>\n\n\n\n<figure class=\"wp-block-image size-full\"><img decoding=\"async\" loading=\"lazy\" width=\"960\" height=\"1280\" data-id=\"151\" src=\"https:\/\/institutorenovare.com.br\/wp-content\/uploads\/2023\/06\/IMG_7090-Grande.jpeg\" alt=\"\" class=\"wp-image-151\" srcset=\"https:\/\/institutorenovare.com.br\/wp-content\/uploads\/2023\/06\/IMG_7090-Grande.jpeg 960w, https:\/\/institutorenovare.com.br\/wp-content\/uploads\/2023\/06\/IMG_7090-Grande-225x300.jpeg 225w, https:\/\/institutorenovare.com.br\/wp-content\/uploads\/2023\/06\/IMG_7090-Grande-768x1024.jpeg 768w\" sizes=\"(max-width: 960px) 100vw, 960px\" \/><\/figure>\n\n\n\n<figure class=\"wp-block-image size-full\"><img decoding=\"async\" loading=\"lazy\" width=\"1280\" height=\"960\" data-id=\"155\" src=\"https:\/\/institutorenovare.com.br\/wp-content\/uploads\/2023\/06\/Lago-Grande.jpeg\" alt=\"\" class=\"wp-image-155\" srcset=\"https:\/\/institutorenovare.com.br\/wp-content\/uploads\/2023\/06\/Lago-Grande.jpeg 1280w, https:\/\/institutorenovare.com.br\/wp-content\/uploads\/2023\/06\/Lago-Grande-300x225.jpeg 300w, https:\/\/institutorenovare.com.br\/wp-content\/uploads\/2023\/06\/Lago-Grande-1024x768.jpeg 1024w, https:\/\/institutorenovare.com.br\/wp-content\/uploads\/2023\/06\/Lago-Grande-768x576.jpeg 768w\" sizes=\"(max-width: 1280px) 100vw, 1280px\" \/><\/figure>\n\n\n\n<figure class=\"wp-block-image size-full\"><img decoding=\"async\" loading=\"lazy\" width=\"1280\" height=\"445\" data-id=\"144\" src=\"https:\/\/institutorenovare.com.br\/wp-content\/uploads\/2023\/06\/Panoramica2-Grande.jpeg\" alt=\"\" class=\"wp-image-144\" srcset=\"https:\/\/institutorenovare.com.br\/wp-content\/uploads\/2023\/06\/Panoramica2-Grande.jpeg 1280w, https:\/\/institutorenovare.com.br\/wp-content\/uploads\/2023\/06\/Panoramica2-Grande-300x104.jpeg 300w, https:\/\/institutorenovare.com.br\/wp-content\/uploads\/2023\/06\/Panoramica2-Grande-1024x356.jpeg 1024w, https:\/\/institutorenovare.com.br\/wp-content\/uploads\/2023\/06\/Panoramica2-Grande-768x267.jpeg 768w\" sizes=\"(max-width: 1280px) 100vw, 1280px\" \/><\/figure>\n<\/figure>\n\n\n\n<p><\/p>\n\n\n\n<figure class=\"wp-block-video\"><video controls src=\"https:\/\/institutorenovare.com.br\/wp-content\/uploads\/2023\/06\/Area-proxima-do-lago.mov\"><\/video><\/figure>\n\n\n\n<p>Seja bem vindo!<\/p>\n","protected":false},"excerpt":{"rendered":"<p>O Instituto Renovare \u00e9 uma institui\u00e7\u00e3o que tem por miss\u00e3o atuar de forma humana, especializada e respons\u00e1vel em tratamentos avan\u00e7ados de sa\u00fade integrativa e funcional, dedicando seu talento e tecnologia para ofertar alternativas superiores que contribuem para uma sociedade global mais saud\u00e1vel. Nosso foco \u00e9 na nutri\u00e7\u00e3o como caminho mais seguro para manuten\u00e7\u00e3o da homeostase. [&hellip;]<\/p>\n","protected":false},"author":1,"featured_media":0,"parent":0,"menu_order":0,"comment_status":"closed","ping_status":"open","template":"","meta":{"footnotes":""},"_links":{"self":[{"href":"https:\/\/institutorenovare.com.br\/index.php\/wp-json\/wp\/v2\/pages\/2"}],"collection":[{"href":"https:\/\/institutorenovare.com.br\/index.php\/wp-json\/wp\/v2\/pages"}],"about":[{"href":"https:\/\/institutorenovare.com.br\/index.php\/wp-json\/wp\/v2\/types\/page"}],"author":[{"embeddable":true,"href":"https:\/\/institutorenovare.com.br\/index.php\/wp-json\/wp\/v2\/users\/1"}],"replies":[{"embeddable":true,"href":"https:\/\/institutorenovare.com.br\/index.php\/wp-json\/wp\/v2\/comments?post=2"}],"version-history":[{"count":2,"href":"https:\/\/institutorenovare.com.br\/index.php\/wp-json\/wp\/v2\/pages\/2\/revisions"}],"predecessor-version":[{"id":176,"href":"https:\/\/institutorenovare.com.br\/index.php\/wp-json\/wp\/v2\/pages\/2\/revisions\/176"}],"wp:attachment":[{"href":"https:\/\/institutorenovare.com.br\/index.php\/wp-json\/wp\/v2\/media?parent=2"}],"curies":[{"name":"wp","href":"https:\/\/api.w.org\/{rel}","templated":true}]}}